{"id":393,"date":"2023-01-12T14:26:30","date_gmt":"2023-01-12T14:26:30","guid":{"rendered":"https:\/\/funny-lalande.193-41-237-81.plesk.page\/?page_id=393"},"modified":"2023-06-13T14:40:03","modified_gmt":"2023-06-13T13:40:03","slug":"impressum","status":"publish","type":"page","link":"https:\/\/oussman-machinery.com\/fr\/impressum\/","title":{"rendered":"Mentions l\u00e9gales"},"content":{"rendered":"<div data-elementor-type=\"wp-page\" data-elementor-id=\"393\" class=\"elementor elementor-393\" data-elementor-post-type=\"page\">\n\t\t\t\t\t\t\t\t\t<section class=\"elementor-section elementor-top-section elementor-element elementor-element-88ad02d dw_section elementor-section-boxed elementor-section-height-default elementor-section-height-default\" data-id=\"88ad02d\" data-element_type=\"section\">\n\t\t\t\t\t\t<div class=\"elementor-container elementor-column-gap-default\">\n\t\t\t\t\t<div class=\"elementor-column elementor-col-100 elementor-top-column elementor-element elementor-element-f643dd2\" data-id=\"f643dd2\" data-element_type=\"column\">\n\t\t\t<div class=\"elementor-widget-wrap elementor-element-populated\">\n\t\t\t\t\t\t\t\t<div class=\"elementor-element elementor-element-c923897 elementor-widget elementor-widget-text-editor\" data-id=\"c923897\" data-element_type=\"widget\" data-widget_type=\"text-editor.default\">\n\t\t\t\t<div class=\"elementor-widget-container\">\n\t\t\t<style>\/*! elementor - v3.16.0 - 17-10-2023 *\/\n.elementor-widget-text-editor.elementor-drop-cap-view-stacked .elementor-drop-cap{background-color:#69727d;color:#fff}.elementor-widget-text-editor.elementor-drop-cap-view-framed .elementor-drop-cap{color:#69727d;border:3px solid;background-color:transparent}.elementor-widget-text-editor:not(.elementor-drop-cap-view-default) .elementor-drop-cap{margin-top:8px}.elementor-widget-text-editor:not(.elementor-drop-cap-view-default) .elementor-drop-cap-letter{width:1em;height:1em}.elementor-widget-text-editor .elementor-drop-cap{float:left;text-align:center;line-height:1;font-size:50px}.elementor-widget-text-editor .elementor-drop-cap-letter{display:inline-block}<\/style>\t\t\t\t<h1>Mentions l\u00e9gales<\/h1><h2>Informations selon \u00a7 5 TMG<\/h2><p>Khaled Oussman<br \/>Oussman Commerce de machines de construction<br \/>Leopoldstr. 1<br \/>76133 Karlsruhe<\/p><h2>Contact<\/h2><p>T\u00e9l\u00e9phone : +49 176 31 711 973<br \/>Courrier \u00e9lectronique : info@oussman-machinery.com<\/p><h2>R\u00e8glement des litiges de consommation\/organe universel de conciliation<\/h2><p>Nous ne sommes pas pr\u00eats ou oblig\u00e9s de participer \u00e0 des proc\u00e9dures de r\u00e8glement des litiges devant un organisme de conciliation des consommateurs.<\/p>\t\t\t\t\t\t<\/div>\n\t\t\t\t<\/div>\n\t\t\t\t\t<\/div>\n\t\t<\/div>\n\t\t\t\t\t\t\t<\/div>\n\t\t<\/section>\n\t\t\t\t\t\t\t<\/div>","protected":false},"excerpt":{"rendered":"<p>Impressum Angaben gem\u00e4\u00df \u00a7 5 TMG Khaled OussmanOussman Baumaschinen HandelLeopoldstr. 176133 Karlsruhe Kontakt Telefon: +49 176 31 711 973E-Mail: info@oussman-machinery.com Verbraucher\u00adstreit\u00adbeilegung\/Universal\u00adschlichtungs\u00adstelle Wir sind nicht bereit oder verpflichtet, an Streitbeilegungsverfahren vor einer Verbraucherschlichtungsstelle teilzunehmen.<\/p>","protected":false},"author":1,"featured_media":0,"parent":0,"menu_order":0,"comment_status":"closed","ping_status":"closed","template":"","meta":{"footnotes":""},"class_list":["post-393","page","type-page","status-publish","hentry"],"yoast_head":"<!-- This site is optimized with the Yoast SEO plugin v21.4 - https:\/\/yoast.com\/wordpress\/plugins\/seo\/ -->\n<title>Impressum - Oussman Machinery<\/title>\n<meta name=\"robots\" content=\"index, follow, max-snippet:-1, max-image-preview:large, max-video-preview:-1\" \/>\n<link rel=\"canonical\" href=\"https:\/\/oussman-machinery.com\/fr\/impressum\/\" \/>\n<meta property=\"og:locale\" content=\"fr_FR\" \/>\n<meta property=\"og:type\" content=\"article\" \/>\n<meta property=\"og:title\" content=\"Impressum - Oussman Machinery\" \/>\n<meta property=\"og:description\" content=\"Impressum Angaben gem\u00e4\u00df \u00a7 5 TMG Khaled OussmanOussman Baumaschinen HandelLeopoldstr. 176133 Karlsruhe Kontakt Telefon: +49 176 31 711 973E-Mail: info@oussman-machinery.com Verbraucher\u00adstreit\u00adbeilegung\/Universal\u00adschlichtungs\u00adstelle Wir sind nicht bereit oder verpflichtet, an Streitbeilegungsverfahren vor einer Verbraucherschlichtungsstelle teilzunehmen.\" \/>\n<meta property=\"og:url\" content=\"https:\/\/oussman-machinery.com\/fr\/impressum\/\" \/>\n<meta property=\"og:site_name\" content=\"Oussman Machinery\" \/>\n<meta property=\"article:modified_time\" content=\"2023-06-13T13:40:03+00:00\" \/>\n<meta name=\"twitter:card\" content=\"summary_large_image\" \/>\n<meta name=\"twitter:label1\" content=\"Dur\u00e9e de lecture estim\u00e9e\" \/>\n\t<meta name=\"twitter:data1\" content=\"1 minute\" \/>\n<script type=\"application\/ld+json\" class=\"yoast-schema-graph\">{\"@context\":\"https:\/\/schema.org\",\"@graph\":[{\"@type\":\"WebPage\",\"@id\":\"https:\/\/oussman-machinery.com\/impressum\/\",\"url\":\"https:\/\/oussman-machinery.com\/impressum\/\",\"name\":\"Impressum - Oussman Machinery\",\"isPartOf\":{\"@id\":\"https:\/\/oussman-machinery.com\/#website\"},\"datePublished\":\"2023-01-12T14:26:30+00:00\",\"dateModified\":\"2023-06-13T13:40:03+00:00\",\"breadcrumb\":{\"@id\":\"https:\/\/oussman-machinery.com\/impressum\/#breadcrumb\"},\"inLanguage\":\"fr-FR\",\"potentialAction\":[{\"@type\":\"ReadAction\",\"target\":[\"https:\/\/oussman-machinery.com\/impressum\/\"]}]},{\"@type\":\"BreadcrumbList\",\"@id\":\"https:\/\/oussman-machinery.com\/impressum\/#breadcrumb\",\"itemListElement\":[{\"@type\":\"ListItem\",\"position\":1,\"name\":\"Startseite\",\"item\":\"https:\/\/oussman-machinery.com\/\"},{\"@type\":\"ListItem\",\"position\":2,\"name\":\"Impressum\"}]},{\"@type\":\"WebSite\",\"@id\":\"https:\/\/oussman-machinery.com\/#website\",\"url\":\"https:\/\/oussman-machinery.com\/\",\"name\":\"Oussman Machinery\",\"description\":\"Baumaschinen Handel &amp; Anlagenr\u00fcckbau\",\"publisher\":{\"@id\":\"https:\/\/oussman-machinery.com\/#organization\"},\"potentialAction\":[{\"@type\":\"SearchAction\",\"target\":{\"@type\":\"EntryPoint\",\"urlTemplate\":\"https:\/\/oussman-machinery.com\/?s={search_term_string}\"},\"query-input\":\"required name=search_term_string\"}],\"inLanguage\":\"fr-FR\"},{\"@type\":\"Organization\",\"@id\":\"https:\/\/oussman-machinery.com\/#organization\",\"name\":\"Oussman Machinery\",\"url\":\"https:\/\/oussman-machinery.com\/\",\"logo\":{\"@type\":\"ImageObject\",\"inLanguage\":\"fr-FR\",\"@id\":\"https:\/\/oussman-machinery.com\/#\/schema\/logo\/image\/\",\"url\":\"https:\/\/oussman-machinery.com\/wp-content\/uploads\/2023\/01\/logo-Oussman-Machinery.png\",\"contentUrl\":\"https:\/\/oussman-machinery.com\/wp-content\/uploads\/2023\/01\/logo-Oussman-Machinery.png\",\"width\":946,\"height\":254,\"caption\":\"Oussman Machinery\"},\"image\":{\"@id\":\"https:\/\/oussman-machinery.com\/#\/schema\/logo\/image\/\"}}]}<\/script>\n<!-- \/ Yoast SEO plugin. -->","yoast_head_json":{"title":"Impressum - Oussman Machinery","robots":{"index":"index","follow":"follow","max-snippet":"max-snippet:-1","max-image-preview":"max-image-preview:large","max-video-preview":"max-video-preview:-1"},"canonical":"https:\/\/oussman-machinery.com\/fr\/impressum\/","og_locale":"fr_FR","og_type":"article","og_title":"Impressum - Oussman Machinery","og_description":"Impressum Angaben gem\u00e4\u00df \u00a7 5 TMG Khaled OussmanOussman Baumaschinen HandelLeopoldstr. 176133 Karlsruhe Kontakt Telefon: +49 176 31 711 973E-Mail: info@oussman-machinery.com Verbraucher\u00adstreit\u00adbeilegung\/Universal\u00adschlichtungs\u00adstelle Wir sind nicht bereit oder verpflichtet, an Streitbeilegungsverfahren vor einer Verbraucherschlichtungsstelle teilzunehmen.","og_url":"https:\/\/oussman-machinery.com\/fr\/impressum\/","og_site_name":"Oussman Machinery","article_modified_time":"2023-06-13T13:40:03+00:00","twitter_card":"summary_large_image","twitter_misc":{"Dur\u00e9e de lecture estim\u00e9e":"1 minute"},"schema":{"@context":"https:\/\/schema.org","@graph":[{"@type":"WebPage","@id":"https:\/\/oussman-machinery.com\/impressum\/","url":"https:\/\/oussman-machinery.com\/impressum\/","name":"Impressum - Oussman Machinery","isPartOf":{"@id":"https:\/\/oussman-machinery.com\/#website"},"datePublished":"2023-01-12T14:26:30+00:00","dateModified":"2023-06-13T13:40:03+00:00","breadcrumb":{"@id":"https:\/\/oussman-machinery.com\/impressum\/#breadcrumb"},"inLanguage":"fr-FR","potentialAction":[{"@type":"ReadAction","target":["https:\/\/oussman-machinery.com\/impressum\/"]}]},{"@type":"BreadcrumbList","@id":"https:\/\/oussman-machinery.com\/impressum\/#breadcrumb","itemListElement":[{"@type":"ListItem","position":1,"name":"Startseite","item":"https:\/\/oussman-machinery.com\/"},{"@type":"ListItem","position":2,"name":"Impressum"}]},{"@type":"WebSite","@id":"https:\/\/oussman-machinery.com\/#website","url":"https:\/\/oussman-machinery.com\/","name":"Oussman Machinery","description":"Baumaschinen Handel &amp; Anlagenr\u00fcckbau","publisher":{"@id":"https:\/\/oussman-machinery.com\/#organization"},"potentialAction":[{"@type":"SearchAction","target":{"@type":"EntryPoint","urlTemplate":"https:\/\/oussman-machinery.com\/?s={search_term_string}"},"query-input":"required name=search_term_string"}],"inLanguage":"fr-FR"},{"@type":"Organization","@id":"https:\/\/oussman-machinery.com\/#organization","name":"Oussman Machinery","url":"https:\/\/oussman-machinery.com\/","logo":{"@type":"ImageObject","inLanguage":"fr-FR","@id":"https:\/\/oussman-machinery.com\/#\/schema\/logo\/image\/","url":"https:\/\/oussman-machinery.com\/wp-content\/uploads\/2023\/01\/logo-Oussman-Machinery.png","contentUrl":"https:\/\/oussman-machinery.com\/wp-content\/uploads\/2023\/01\/logo-Oussman-Machinery.png","width":946,"height":254,"caption":"Oussman Machinery"},"image":{"@id":"https:\/\/oussman-machinery.com\/#\/schema\/logo\/image\/"}}]}},"_links":{"self":[{"href":"https:\/\/oussman-machinery.com\/fr\/wp-json\/wp\/v2\/pages\/393","targetHints":{"allow":["GET"]}}],"collection":[{"href":"https:\/\/oussman-machinery.com\/fr\/wp-json\/wp\/v2\/pages"}],"about":[{"href":"https:\/\/oussman-machinery.com\/fr\/wp-json\/wp\/v2\/types\/page"}],"author":[{"embeddable":true,"href":"https:\/\/oussman-machinery.com\/fr\/wp-json\/wp\/v2\/users\/1"}],"replies":[{"embeddable":true,"href":"https:\/\/oussman-machinery.com\/fr\/wp-json\/wp\/v2\/comments?post=393"}],"version-history":[{"count":13,"href":"https:\/\/oussman-machinery.com\/fr\/wp-json\/wp\/v2\/pages\/393\/revisions"}],"predecessor-version":[{"id":1394,"href":"https:\/\/oussman-machinery.com\/fr\/wp-json\/wp\/v2\/pages\/393\/revisions\/1394"}],"wp:attachment":[{"href":"https:\/\/oussman-machinery.com\/fr\/wp-json\/wp\/v2\/media?parent=393"}],"curies":[{"name":"wp","href":"https:\/\/api.w.org\/{rel}","templated":true}]}}