{"id":168,"date":"2023-01-10T14:59:51","date_gmt":"2023-01-10T14:59:51","guid":{"rendered":"https:\/\/funny-lalande.193-41-237-81.plesk.page\/?page_id=168"},"modified":"2023-01-13T14:13:14","modified_gmt":"2023-01-13T14:13:14","slug":"ueber-uns","status":"publish","type":"page","link":"https:\/\/oussman-machinery.com\/fr\/ueber-uns\/","title":{"rendered":"\u00c0 propos de nous"},"content":{"rendered":"<div data-elementor-type=\"wp-page\" data-elementor-id=\"168\" class=\"elementor elementor-168\" data-elementor-post-type=\"page\">\n\t\t\t\t\t\t\t\t\t<section class=\"elementor-section elementor-top-section elementor-element elementor-element-7b304b0 dw_section elementor-section-boxed elementor-section-height-default elementor-section-height-default\" data-id=\"7b304b0\" data-element_type=\"section\">\n\t\t\t\t\t\t<div class=\"elementor-container elementor-column-gap-default\">\n\t\t\t\t\t<div class=\"elementor-column elementor-col-50 elementor-top-column elementor-element elementor-element-4d6d5de\" data-id=\"4d6d5de\" data-element_type=\"column\">\n\t\t\t<div class=\"elementor-widget-wrap elementor-element-populated\">\n\t\t\t\t\t\t\t\t<div class=\"elementor-element elementor-element-c9312c5 elementor-widget__width-auto dw_entry_heading elementor-widget elementor-widget-heading\" data-id=\"c9312c5\" data-element_type=\"widget\" data-widget_type=\"heading.default\">\n\t\t\t\t<div class=\"elementor-widget-container\">\n\t\t\t<style>\/*! elementor - v3.16.0 - 17-10-2023 *\/\n.elementor-heading-title{padding:0;margin:0;line-height:1}.elementor-widget-heading .elementor-heading-title[class*=elementor-size-]>a{color:inherit;font-size:inherit;line-height:inherit}.elementor-widget-heading .elementor-heading-title.elementor-size-small{font-size:15px}.elementor-widget-heading .elementor-heading-title.elementor-size-medium{font-size:19px}.elementor-widget-heading .elementor-heading-title.elementor-size-large{font-size:29px}.elementor-widget-heading .elementor-heading-title.elementor-size-xl{font-size:39px}.elementor-widget-heading .elementor-heading-title.elementor-size-xxl{font-size:59px}<\/style><h1 class=\"elementor-heading-title elementor-size-default\">\u00c0 propos de nous<\/h1>\t\t<\/div>\n\t\t\t\t<\/div>\n\t\t\t\t<div class=\"elementor-element elementor-element-936e005 elementor-widget elementor-widget-text-editor\" data-id=\"936e005\" data-element_type=\"widget\" data-widget_type=\"text-editor.default\">\n\t\t\t\t<div class=\"elementor-widget-container\">\n\t\t\t<style>\/*! elementor - v3.16.0 - 17-10-2023 *\/\n.elementor-widget-text-editor.elementor-drop-cap-view-stacked .elementor-drop-cap{background-color:#69727d;color:#fff}.elementor-widget-text-editor.elementor-drop-cap-view-framed .elementor-drop-cap{color:#69727d;border:3px solid;background-color:transparent}.elementor-widget-text-editor:not(.elementor-drop-cap-view-default) .elementor-drop-cap{margin-top:8px}.elementor-widget-text-editor:not(.elementor-drop-cap-view-default) .elementor-drop-cap-letter{width:1em;height:1em}.elementor-widget-text-editor .elementor-drop-cap{float:left;text-align:center;line-height:1;font-size:50px}.elementor-widget-text-editor .elementor-drop-cap-letter{display:inline-block}<\/style>\t\t\t\t<p><strong>Qui sommes-nous ?<\/strong><\/p><p>Oussman Machinery est une PME sp\u00e9cialis\u00e9e dans l'achat et la vente de postes d'enrobage, de machines et de centrales d'enrobage.<br \/>Nous proposons \u00e0 nos clients diff\u00e9rents services pour l'industrie de la construction et l'infrastructure de transport.<\/p><p>Nous sommes heureux que vous ayez visit\u00e9 notre site web. Sur ce site, vous trouverez des offres compl\u00e8tes et des informations sur la port\u00e9e de l'infrastructure des machines (vente et d\u00e9montage d'installations industrielles).<br \/>Oussman Baumaschinen Handel est une entreprise active depuis plus de 10 ans au niveau national et international dans le commerce et le d\u00e9montage de machines de chantier, de pi\u00e8ces de rechange et le d\u00e9mant\u00e8lement d'installations (centrales d'asphalte et carri\u00e8res) dans toute l'Europe.<br \/>Nous comptons parmi nos clients des entreprises de construction et des entreprises routi\u00e8res dans toute l'Europe, dont le si\u00e8ge se trouve \u00e0 Karlsruhe - Bade-Wurtemberg.<br \/>En tant que concessionnaire agr\u00e9\u00e9 de nombreux fabricants et prestataires de services dans le secteur des engins de chantier tels que Wirtgen group, Ammann Asphaltanlagen, Caterpillar). et partenaire contractuel pour le d\u00e9montage et la reprise d'installations aupr\u00e8s des entreprises (Eurovia vinci, Colas, Eiffage, Bam, ...).<br \/>Vous trouverez en nous un prestataire de services orient\u00e9 vers le service, un partenaire comp\u00e9tent et flexible pour tous les domaines li\u00e9s aux machines de chantier.<\/p><p>Nous avons la particularit\u00e9 de pouvoir vous pr\u00e9senter de nombreuses machines directement chez nous, en direct et sous tension, et nous pouvons souvent vous les livrer dans des d\u00e9lais tr\u00e8s courts.<br \/>Ce qui n'a pas chang\u00e9 au fil des ans, c'est notre engagement envers nos clients et nos employ\u00e9s.<\/p><p>Pour plus d'informations, n'h\u00e9sitez pas \u00e0 nous contacter par t\u00e9l\u00e9phone portable : +49 176 31 711 973.<br \/>Ou envoyez-nous directement un e-mail \u00e0 : info@oussman-machinery.com<\/p><p>Apprenez \u00e0 nous conna\u00eetre ...<\/p>\t\t\t\t\t\t<\/div>\n\t\t\t\t<\/div>\n\t\t\t\t\t<\/div>\n\t\t<\/div>\n\t\t\t\t<div class=\"elementor-column elementor-col-50 elementor-top-column elementor-element elementor-element-e95bbf5\" data-id=\"e95bbf5\" data-element_type=\"column\">\n\t\t\t<div class=\"elementor-widget-wrap elementor-element-populated\">\n\t\t\t\t\t\t\t\t<div class=\"elementor-element elementor-element-7ff5b8f elementor-widget elementor-widget-image\" data-id=\"7ff5b8f\" data-element_type=\"widget\" data-widget_type=\"image.default\">\n\t\t\t\t<div class=\"elementor-widget-container\">\n\t\t\t<style>\/*! elementor - v3.16.0 - 17-10-2023 *\/\n.elementor-widget-image{text-align:center}.elementor-widget-image a{display:inline-block}.elementor-widget-image a img[src$=\".svg\"]{width:48px}.elementor-widget-image img{vertical-align:middle;display:inline-block}<\/style>\t\t\t\t\t\t\t\t\t\t\t\t<img loading=\"lazy\" decoding=\"async\" width=\"800\" height=\"601\" src=\"https:\/\/oussman-machinery.com\/wp-content\/uploads\/2023\/01\/oussman-machinery-ueber-uns-1024x769.jpg\" class=\"attachment-large size-large wp-image-108\" alt=\"\" srcset=\"https:\/\/oussman-machinery.com\/wp-content\/uploads\/2023\/01\/oussman-machinery-ueber-uns-1024x769.jpg 1024w, https:\/\/oussman-machinery.com\/wp-content\/uploads\/2023\/01\/oussman-machinery-ueber-uns-300x225.jpg 300w, https:\/\/oussman-machinery.com\/wp-content\/uploads\/2023\/01\/oussman-machinery-ueber-uns-768x577.jpg 768w, https:\/\/oussman-machinery.com\/wp-content\/uploads\/2023\/01\/oussman-machinery-ueber-uns.jpg 1425w\" sizes=\"auto, (max-width: 800px) 100vw, 800px\" \/>\t\t\t\t\t\t\t\t\t\t\t\t\t\t\t<\/div>\n\t\t\t\t<\/div>\n\t\t\t\t\t<\/div>\n\t\t<\/div>\n\t\t\t\t\t\t\t<\/div>\n\t\t<\/section>\n\t\t\t\t\t\t\t<\/div>","protected":false},"excerpt":{"rendered":"<p>Wer sind wir? Oussman Machinery ist ein Mittelst\u00e4ndische Unternehemen f\u00fcr Kauf und Verkauf von Mischanlagen, Maschinen und AsphaltanlagenWir bieten unserer Kunden verschiedene Dienstleistungen f\u00fcr die Bauindustrie und der Verkehrsinfrastruktur an. Es freut uns, dass Sie unsere Webseite besucht haben. Auf diesen Seite finden Sie umfassende Angebote und Reichweite Informationen rund um die Infrastruktur Maschinen (Verkauf [&hellip;]<\/p>","protected":false},"author":1,"featured_media":0,"parent":0,"menu_order":0,"comment_status":"closed","ping_status":"closed","template":"","meta":{"footnotes":""},"class_list":["post-168","page","type-page","status-publish","hentry"],"yoast_head":"<!-- This site is optimized with the Yoast SEO plugin v21.4 - https:\/\/yoast.com\/wordpress\/plugins\/seo\/ -->\n<title>\u00dcber uns - Oussman Machinery<\/title>\n<meta name=\"robots\" content=\"index, follow, max-snippet:-1, max-image-preview:large, max-video-preview:-1\" \/>\n<link rel=\"canonical\" href=\"https:\/\/oussman-machinery.com\/fr\/ueber-uns\/\" \/>\n<meta property=\"og:locale\" content=\"fr_FR\" \/>\n<meta property=\"og:type\" content=\"article\" \/>\n<meta property=\"og:title\" content=\"\u00dcber uns - Oussman Machinery\" \/>\n<meta property=\"og:description\" content=\"Wer sind wir? Oussman Machinery ist ein Mittelst\u00e4ndische Unternehemen f\u00fcr Kauf und Verkauf von Mischanlagen, Maschinen und AsphaltanlagenWir bieten unserer Kunden verschiedene Dienstleistungen f\u00fcr die Bauindustrie und der Verkehrsinfrastruktur an. Es freut uns, dass Sie unsere Webseite besucht haben. Auf diesen Seite finden Sie umfassende Angebote und Reichweite Informationen rund um die Infrastruktur Maschinen (Verkauf [&hellip;]\" \/>\n<meta property=\"og:url\" content=\"https:\/\/oussman-machinery.com\/fr\/ueber-uns\/\" \/>\n<meta property=\"og:site_name\" content=\"Oussman Machinery\" \/>\n<meta property=\"article:modified_time\" content=\"2023-01-13T14:13:14+00:00\" \/>\n<meta property=\"og:image\" content=\"https:\/\/oussman-machinery.com\/wp-content\/uploads\/2023\/01\/oussman-machinery-ueber-uns-1024x769.jpg\" \/>\n<meta name=\"twitter:card\" content=\"summary_large_image\" \/>\n<meta name=\"twitter:label1\" content=\"Dur\u00e9e de lecture estim\u00e9e\" \/>\n\t<meta name=\"twitter:data1\" content=\"2 minutes\" \/>\n<script type=\"application\/ld+json\" class=\"yoast-schema-graph\">{\"@context\":\"https:\/\/schema.org\",\"@graph\":[{\"@type\":\"WebPage\",\"@id\":\"https:\/\/oussman-machinery.com\/ueber-uns\/\",\"url\":\"https:\/\/oussman-machinery.com\/ueber-uns\/\",\"name\":\"\u00dcber uns - Oussman Machinery\",\"isPartOf\":{\"@id\":\"https:\/\/oussman-machinery.com\/#website\"},\"datePublished\":\"2023-01-10T14:59:51+00:00\",\"dateModified\":\"2023-01-13T14:13:14+00:00\",\"breadcrumb\":{\"@id\":\"https:\/\/oussman-machinery.com\/ueber-uns\/#breadcrumb\"},\"inLanguage\":\"fr-FR\",\"potentialAction\":[{\"@type\":\"ReadAction\",\"target\":[\"https:\/\/oussman-machinery.com\/ueber-uns\/\"]}]},{\"@type\":\"BreadcrumbList\",\"@id\":\"https:\/\/oussman-machinery.com\/ueber-uns\/#breadcrumb\",\"itemListElement\":[{\"@type\":\"ListItem\",\"position\":1,\"name\":\"Startseite\",\"item\":\"https:\/\/oussman-machinery.com\/\"},{\"@type\":\"ListItem\",\"position\":2,\"name\":\"\u00dcber uns\"}]},{\"@type\":\"WebSite\",\"@id\":\"https:\/\/oussman-machinery.com\/#website\",\"url\":\"https:\/\/oussman-machinery.com\/\",\"name\":\"Oussman Machinery\",\"description\":\"Baumaschinen Handel &amp; Anlagenr\u00fcckbau\",\"publisher\":{\"@id\":\"https:\/\/oussman-machinery.com\/#organization\"},\"potentialAction\":[{\"@type\":\"SearchAction\",\"target\":{\"@type\":\"EntryPoint\",\"urlTemplate\":\"https:\/\/oussman-machinery.com\/?s={search_term_string}\"},\"query-input\":\"required name=search_term_string\"}],\"inLanguage\":\"fr-FR\"},{\"@type\":\"Organization\",\"@id\":\"https:\/\/oussman-machinery.com\/#organization\",\"name\":\"Oussman Machinery\",\"url\":\"https:\/\/oussman-machinery.com\/\",\"logo\":{\"@type\":\"ImageObject\",\"inLanguage\":\"fr-FR\",\"@id\":\"https:\/\/oussman-machinery.com\/#\/schema\/logo\/image\/\",\"url\":\"https:\/\/oussman-machinery.com\/wp-content\/uploads\/2023\/01\/logo-Oussman-Machinery.png\",\"contentUrl\":\"https:\/\/oussman-machinery.com\/wp-content\/uploads\/2023\/01\/logo-Oussman-Machinery.png\",\"width\":946,\"height\":254,\"caption\":\"Oussman Machinery\"},\"image\":{\"@id\":\"https:\/\/oussman-machinery.com\/#\/schema\/logo\/image\/\"}}]}<\/script>\n<!-- \/ Yoast SEO plugin. -->","yoast_head_json":{"title":"\u00dcber uns - Oussman Machinery","robots":{"index":"index","follow":"follow","max-snippet":"max-snippet:-1","max-image-preview":"max-image-preview:large","max-video-preview":"max-video-preview:-1"},"canonical":"https:\/\/oussman-machinery.com\/fr\/ueber-uns\/","og_locale":"fr_FR","og_type":"article","og_title":"\u00dcber uns - Oussman Machinery","og_description":"Wer sind wir? Oussman Machinery ist ein Mittelst\u00e4ndische Unternehemen f\u00fcr Kauf und Verkauf von Mischanlagen, Maschinen und AsphaltanlagenWir bieten unserer Kunden verschiedene Dienstleistungen f\u00fcr die Bauindustrie und der Verkehrsinfrastruktur an. Es freut uns, dass Sie unsere Webseite besucht haben. Auf diesen Seite finden Sie umfassende Angebote und Reichweite Informationen rund um die Infrastruktur Maschinen (Verkauf [&hellip;]","og_url":"https:\/\/oussman-machinery.com\/fr\/ueber-uns\/","og_site_name":"Oussman Machinery","article_modified_time":"2023-01-13T14:13:14+00:00","og_image":[{"url":"https:\/\/oussman-machinery.com\/wp-content\/uploads\/2023\/01\/oussman-machinery-ueber-uns-1024x769.jpg"}],"twitter_card":"summary_large_image","twitter_misc":{"Dur\u00e9e de lecture estim\u00e9e":"2 minutes"},"schema":{"@context":"https:\/\/schema.org","@graph":[{"@type":"WebPage","@id":"https:\/\/oussman-machinery.com\/ueber-uns\/","url":"https:\/\/oussman-machinery.com\/ueber-uns\/","name":"\u00dcber uns - Oussman Machinery","isPartOf":{"@id":"https:\/\/oussman-machinery.com\/#website"},"datePublished":"2023-01-10T14:59:51+00:00","dateModified":"2023-01-13T14:13:14+00:00","breadcrumb":{"@id":"https:\/\/oussman-machinery.com\/ueber-uns\/#breadcrumb"},"inLanguage":"fr-FR","potentialAction":[{"@type":"ReadAction","target":["https:\/\/oussman-machinery.com\/ueber-uns\/"]}]},{"@type":"BreadcrumbList","@id":"https:\/\/oussman-machinery.com\/ueber-uns\/#breadcrumb","itemListElement":[{"@type":"ListItem","position":1,"name":"Startseite","item":"https:\/\/oussman-machinery.com\/"},{"@type":"ListItem","position":2,"name":"\u00dcber uns"}]},{"@type":"WebSite","@id":"https:\/\/oussman-machinery.com\/#website","url":"https:\/\/oussman-machinery.com\/","name":"Oussman Machinery","description":"Baumaschinen Handel &amp; Anlagenr\u00fcckbau","publisher":{"@id":"https:\/\/oussman-machinery.com\/#organization"},"potentialAction":[{"@type":"SearchAction","target":{"@type":"EntryPoint","urlTemplate":"https:\/\/oussman-machinery.com\/?s={search_term_string}"},"query-input":"required name=search_term_string"}],"inLanguage":"fr-FR"},{"@type":"Organization","@id":"https:\/\/oussman-machinery.com\/#organization","name":"Oussman Machinery","url":"https:\/\/oussman-machinery.com\/","logo":{"@type":"ImageObject","inLanguage":"fr-FR","@id":"https:\/\/oussman-machinery.com\/#\/schema\/logo\/image\/","url":"https:\/\/oussman-machinery.com\/wp-content\/uploads\/2023\/01\/logo-Oussman-Machinery.png","contentUrl":"https:\/\/oussman-machinery.com\/wp-content\/uploads\/2023\/01\/logo-Oussman-Machinery.png","width":946,"height":254,"caption":"Oussman Machinery"},"image":{"@id":"https:\/\/oussman-machinery.com\/#\/schema\/logo\/image\/"}}]}},"_links":{"self":[{"href":"https:\/\/oussman-machinery.com\/fr\/wp-json\/wp\/v2\/pages\/168","targetHints":{"allow":["GET"]}}],"collection":[{"href":"https:\/\/oussman-machinery.com\/fr\/wp-json\/wp\/v2\/pages"}],"about":[{"href":"https:\/\/oussman-machinery.com\/fr\/wp-json\/wp\/v2\/types\/page"}],"author":[{"embeddable":true,"href":"https:\/\/oussman-machinery.com\/fr\/wp-json\/wp\/v2\/users\/1"}],"replies":[{"embeddable":true,"href":"https:\/\/oussman-machinery.com\/fr\/wp-json\/wp\/v2\/comments?post=168"}],"version-history":[{"count":19,"href":"https:\/\/oussman-machinery.com\/fr\/wp-json\/wp\/v2\/pages\/168\/revisions"}],"predecessor-version":[{"id":674,"href":"https:\/\/oussman-machinery.com\/fr\/wp-json\/wp\/v2\/pages\/168\/revisions\/674"}],"wp:attachment":[{"href":"https:\/\/oussman-machinery.com\/fr\/wp-json\/wp\/v2\/media?parent=168"}],"curies":[{"name":"wp","href":"https:\/\/api.w.org\/{rel}","templated":true}]}}