{"id":28,"date":"2023-01-10T09:41:45","date_gmt":"2023-01-10T09:41:45","guid":{"rendered":"https:\/\/funny-lalande.193-41-237-81.plesk.page\/?page_id=28"},"modified":"2025-03-13T10:32:20","modified_gmt":"2025-03-13T09:32:20","slug":"demontage","status":"publish","type":"page","link":"https:\/\/oussman-machinery.com\/en\/demontage\/","title":{"rendered":"Disassembly"},"content":{"rendered":"<h1>R\u00fcckbau ist unser Kerngesch\u00e4ft<\/h1>\n<p><strong>A<\/strong><b>NLAGENR\u00dcCKBAU<\/b><\/p>\n<p>Bereit seit \u00fcber zehn Jahren sind wir im R\u00fcckbau von Asphaltmisch-, Schotter- und Betonwerken t\u00e4tig.\u00a0<\/p>\n<p>Wir arbeiten im Partnerschaft mit den gr\u00f6\u00dften Europ\u00e4ischen Konzernen (Wirtgen group, Ammann, Ermont, Marini, wibau ..)\u00a0\u00a0<\/p>\n<p>\u00a0<\/p>\n<p>\t\t\t\t\t\t\t\t\t\t\t\t\t\t\t<img decoding=\"async\" width=\"800\" height=\"600\" src=\"https:\/\/oussman-machinery.com\/wp-content\/uploads\/2023\/09\/WhatsApp-Bild-2023-09-01-um-12.25.21-2.jpg\" alt=\"\" loading=\"lazy\" srcset=\"https:\/\/oussman-machinery.com\/wp-content\/uploads\/2023\/09\/WhatsApp-Bild-2023-09-01-um-12.25.21-2.jpg 1024w, https:\/\/oussman-machinery.com\/wp-content\/uploads\/2023\/09\/WhatsApp-Bild-2023-09-01-um-12.25.21-2-300x225.jpg 300w, https:\/\/oussman-machinery.com\/wp-content\/uploads\/2023\/09\/WhatsApp-Bild-2023-09-01-um-12.25.21-2-768x576.jpg 768w, https:\/\/oussman-machinery.com\/wp-content\/uploads\/2023\/09\/WhatsApp-Bild-2023-09-01-um-12.25.21-2-16x12.jpg 16w\" sizes=\"auto, (max-width: 800px) 100vw, 800px\" \/><br \/>\n\t\t\tContact<br \/>\n\t\t\tGive us a call: <a style=\"color:#F36A00\" href=\"tel: 4917631711973\">+49 176 31 711 973<\/a><br \/>\n\t\t\tSend us an e-mail:<br \/>\n<a style=\"color:#F36A00\" href=\"mailto:info@oussman-machinery.com\">info@oussman-machinery.com<\/a>\t\t<\/p>\n<h4>Unsere R\u00fcckbau Projekte <\/h4>\n<h5>R\u00fcckbau Anlage Lingenheld Stra\u00dfburg<\/h5>\n<p>\t\t\t\t\t\t\t\t\t\t\t\t\t\t\t<img decoding=\"async\" width=\"768\" height=\"1024\" src=\"https:\/\/oussman-machinery.com\/wp-content\/uploads\/2023\/10\/gBbjv5cg3XtjfZ-oKLd3PKDKWoy13SXrQd1oYtUKo8c_plaintext_638291743059431775.jpg\" alt=\"\" loading=\"lazy\" srcset=\"https:\/\/oussman-machinery.com\/wp-content\/uploads\/2023\/10\/gBbjv5cg3XtjfZ-oKLd3PKDKWoy13SXrQd1oYtUKo8c_plaintext_638291743059431775.jpg 768w, https:\/\/oussman-machinery.com\/wp-content\/uploads\/2023\/10\/gBbjv5cg3XtjfZ-oKLd3PKDKWoy13SXrQd1oYtUKo8c_plaintext_638291743059431775-225x300.jpg 225w, https:\/\/oussman-machinery.com\/wp-content\/uploads\/2023\/10\/gBbjv5cg3XtjfZ-oKLd3PKDKWoy13SXrQd1oYtUKo8c_plaintext_638291743059431775-9x12.jpg 9w\" sizes=\"auto, (max-width: 768px) 100vw, 768px\" \/><br \/>\n\t\t\t\t\t\t\t\t\t\t\t\t\t\t\t<img decoding=\"async\" width=\"768\" height=\"1024\" src=\"https:\/\/oussman-machinery.com\/wp-content\/uploads\/2023\/10\/IMG-20230901-WA0131.jpg\" alt=\"\" loading=\"lazy\" srcset=\"https:\/\/oussman-machinery.com\/wp-content\/uploads\/2023\/10\/IMG-20230901-WA0131.jpg 768w, https:\/\/oussman-machinery.com\/wp-content\/uploads\/2023\/10\/IMG-20230901-WA0131-225x300.jpg 225w, https:\/\/oussman-machinery.com\/wp-content\/uploads\/2023\/10\/IMG-20230901-WA0131-9x12.jpg 9w\" sizes=\"auto, (max-width: 768px) 100vw, 768px\" \/><br \/>\n\t\t\t\t\t\t\t\t\t\t\t\t\t\t\t<img decoding=\"async\" width=\"768\" height=\"432\" src=\"https:\/\/oussman-machinery.com\/wp-content\/uploads\/2023\/10\/IMG-20230901-WA0141-768x432.jpg\" alt=\"\" loading=\"lazy\" srcset=\"https:\/\/oussman-machinery.com\/wp-content\/uploads\/2023\/10\/IMG-20230901-WA0141-768x432.jpg 768w, https:\/\/oussman-machinery.com\/wp-content\/uploads\/2023\/10\/IMG-20230901-WA0141-300x169.jpg 300w, https:\/\/oussman-machinery.com\/wp-content\/uploads\/2023\/10\/IMG-20230901-WA0141-18x10.jpg 18w, https:\/\/oussman-machinery.com\/wp-content\/uploads\/2023\/10\/IMG-20230901-WA0141.jpg 1024w\" sizes=\"auto, (max-width: 768px) 100vw, 768px\" \/><br \/>\n\t\t\t\t\t\t\t\t\t\t\t\t\t\t\t<img decoding=\"async\" width=\"768\" height=\"576\" src=\"https:\/\/oussman-machinery.com\/wp-content\/uploads\/2023\/10\/IMG-20230901-WA0146-768x576.jpg\" alt=\"\" loading=\"lazy\" srcset=\"https:\/\/oussman-machinery.com\/wp-content\/uploads\/2023\/10\/IMG-20230901-WA0146-768x576.jpg 768w, https:\/\/oussman-machinery.com\/wp-content\/uploads\/2023\/10\/IMG-20230901-WA0146-300x225.jpg 300w, https:\/\/oussman-machinery.com\/wp-content\/uploads\/2023\/10\/IMG-20230901-WA0146-16x12.jpg 16w, https:\/\/oussman-machinery.com\/wp-content\/uploads\/2023\/10\/IMG-20230901-WA0146.jpg 1024w\" sizes=\"auto, (max-width: 768px) 100vw, 768px\" \/>\t\t\t\t\t\t\t\t\t\t\t\t\t\t\t<\/p>\n<h5>R\u00fcckbau Asphaltanlage Alkmaar Niederlande<\/h5>\n<p>\t\t\t\t\t\t\t\t\t\t\t\t\t\t\t<img decoding=\"async\" width=\"768\" height=\"1024\" src=\"https:\/\/oussman-machinery.com\/wp-content\/uploads\/2023\/10\/IMG-20230901-WA0038.jpg\" alt=\"\" loading=\"lazy\" srcset=\"https:\/\/oussman-machinery.com\/wp-content\/uploads\/2023\/10\/IMG-20230901-WA0038.jpg 768w, https:\/\/oussman-machinery.com\/wp-content\/uploads\/2023\/10\/IMG-20230901-WA0038-225x300.jpg 225w, https:\/\/oussman-machinery.com\/wp-content\/uploads\/2023\/10\/IMG-20230901-WA0038-9x12.jpg 9w\" sizes=\"auto, (max-width: 768px) 100vw, 768px\" \/><br \/>\n\t\t\t\t\t\t\t\t\t\t\t\t\t\t\t<img decoding=\"async\" width=\"800\" height=\"600\" src=\"https:\/\/oussman-machinery.com\/wp-content\/uploads\/2023\/10\/IMG-20230901-WA0049-1.jpg\" alt=\"\" loading=\"lazy\" srcset=\"https:\/\/oussman-machinery.com\/wp-content\/uploads\/2023\/10\/IMG-20230901-WA0049-1.jpg 1024w, https:\/\/oussman-machinery.com\/wp-content\/uploads\/2023\/10\/IMG-20230901-WA0049-1-300x225.jpg 300w, https:\/\/oussman-machinery.com\/wp-content\/uploads\/2023\/10\/IMG-20230901-WA0049-1-768x576.jpg 768w, https:\/\/oussman-machinery.com\/wp-content\/uploads\/2023\/10\/IMG-20230901-WA0049-1-16x12.jpg 16w\" sizes=\"auto, (max-width: 800px) 100vw, 800px\" \/><br \/>\n\t\t\t\t\t\t\t\t\t\t\t\t\t\t\t<img decoding=\"async\" width=\"800\" height=\"450\" src=\"https:\/\/oussman-machinery.com\/wp-content\/uploads\/2023\/10\/IMG-20230901-WA0055.jpg\" alt=\"\" loading=\"lazy\" srcset=\"https:\/\/oussman-machinery.com\/wp-content\/uploads\/2023\/10\/IMG-20230901-WA0055.jpg 1024w, https:\/\/oussman-machinery.com\/wp-content\/uploads\/2023\/10\/IMG-20230901-WA0055-300x169.jpg 300w, https:\/\/oussman-machinery.com\/wp-content\/uploads\/2023\/10\/IMG-20230901-WA0055-768x432.jpg 768w, https:\/\/oussman-machinery.com\/wp-content\/uploads\/2023\/10\/IMG-20230901-WA0055-18x10.jpg 18w\" sizes=\"auto, (max-width: 800px) 100vw, 800px\" \/><br \/>\n\t\t\t\t\t\t\t\t\t\t\t\t\t\t\t<img decoding=\"async\" width=\"768\" height=\"1024\" src=\"https:\/\/oussman-machinery.com\/wp-content\/uploads\/2023\/10\/IMG-20230901-WA0051.jpg\" alt=\"\" loading=\"lazy\" srcset=\"https:\/\/oussman-machinery.com\/wp-content\/uploads\/2023\/10\/IMG-20230901-WA0051.jpg 768w, https:\/\/oussman-machinery.com\/wp-content\/uploads\/2023\/10\/IMG-20230901-WA0051-225x300.jpg 225w, https:\/\/oussman-machinery.com\/wp-content\/uploads\/2023\/10\/IMG-20230901-WA0051-9x12.jpg 9w\" sizes=\"auto, (max-width: 768px) 100vw, 768px\" \/>\t\t\t\t\t\t\t\t\t\t\t\t\t\t\t<\/p>\n<h5>R\u00fcckbau Bretagne Frankreich<\/h5>\n<p>\t\t\t\t\t\t\t\t\t\t\t\t\t\t\t<img decoding=\"async\" width=\"900\" height=\"1600\" src=\"https:\/\/oussman-machinery.com\/wp-content\/uploads\/2023\/10\/IMG-20230901-WA0080.jpg\" alt=\"\" loading=\"lazy\" srcset=\"https:\/\/oussman-machinery.com\/wp-content\/uploads\/2023\/10\/IMG-20230901-WA0080.jpg 900w, https:\/\/oussman-machinery.com\/wp-content\/uploads\/2023\/10\/IMG-20230901-WA0080-169x300.jpg 169w, https:\/\/oussman-machinery.com\/wp-content\/uploads\/2023\/10\/IMG-20230901-WA0080-576x1024.jpg 576w, https:\/\/oussman-machinery.com\/wp-content\/uploads\/2023\/10\/IMG-20230901-WA0080-768x1365.jpg 768w, https:\/\/oussman-machinery.com\/wp-content\/uploads\/2023\/10\/IMG-20230901-WA0080-864x1536.jpg 864w, https:\/\/oussman-machinery.com\/wp-content\/uploads\/2023\/10\/IMG-20230901-WA0080-7x12.jpg 7w\" sizes=\"auto, (max-width: 900px) 100vw, 900px\" \/><br \/>\n\t\t\t\t\t\t\t\t\t\t\t\t\t\t\t<img decoding=\"async\" width=\"800\" height=\"600\" src=\"https:\/\/oussman-machinery.com\/wp-content\/uploads\/2023\/10\/IMG-20230901-WA0074-1024x768.jpg\" alt=\"\" loading=\"lazy\" srcset=\"https:\/\/oussman-machinery.com\/wp-content\/uploads\/2023\/10\/IMG-20230901-WA0074-1024x768.jpg 1024w, https:\/\/oussman-machinery.com\/wp-content\/uploads\/2023\/10\/IMG-20230901-WA0074-300x225.jpg 300w, https:\/\/oussman-machinery.com\/wp-content\/uploads\/2023\/10\/IMG-20230901-WA0074-768x576.jpg 768w, https:\/\/oussman-machinery.com\/wp-content\/uploads\/2023\/10\/IMG-20230901-WA0074-1536x1152.jpg 1536w, https:\/\/oussman-machinery.com\/wp-content\/uploads\/2023\/10\/IMG-20230901-WA0074-16x12.jpg 16w, https:\/\/oussman-machinery.com\/wp-content\/uploads\/2023\/10\/IMG-20230901-WA0074.jpg 1600w\" sizes=\"auto, (max-width: 800px) 100vw, 800px\" \/><br \/>\n\t\t\t\t\t\t\t\t\t\t\t\t\t\t\t<img decoding=\"async\" width=\"800\" height=\"600\" src=\"https:\/\/oussman-machinery.com\/wp-content\/uploads\/2023\/10\/IMG-20230901-WA0060-1024x768.jpg\" alt=\"\" loading=\"lazy\" srcset=\"https:\/\/oussman-machinery.com\/wp-content\/uploads\/2023\/10\/IMG-20230901-WA0060-1024x768.jpg 1024w, https:\/\/oussman-machinery.com\/wp-content\/uploads\/2023\/10\/IMG-20230901-WA0060-300x225.jpg 300w, https:\/\/oussman-machinery.com\/wp-content\/uploads\/2023\/10\/IMG-20230901-WA0060-768x576.jpg 768w, https:\/\/oussman-machinery.com\/wp-content\/uploads\/2023\/10\/IMG-20230901-WA0060-1536x1152.jpg 1536w, https:\/\/oussman-machinery.com\/wp-content\/uploads\/2023\/10\/IMG-20230901-WA0060-16x12.jpg 16w, https:\/\/oussman-machinery.com\/wp-content\/uploads\/2023\/10\/IMG-20230901-WA0060.jpg 1600w\" sizes=\"auto, (max-width: 800px) 100vw, 800px\" \/><br \/>\n\t\t\t\t\t\t\t\t\t\t\t\t\t\t\t<img decoding=\"async\" width=\"800\" height=\"600\" src=\"https:\/\/oussman-machinery.com\/wp-content\/uploads\/2023\/10\/IMG-20230901-WA0082-1024x768.jpg\" alt=\"\" loading=\"lazy\" srcset=\"https:\/\/oussman-machinery.com\/wp-content\/uploads\/2023\/10\/IMG-20230901-WA0082-1024x768.jpg 1024w, https:\/\/oussman-machinery.com\/wp-content\/uploads\/2023\/10\/IMG-20230901-WA0082-300x225.jpg 300w, https:\/\/oussman-machinery.com\/wp-content\/uploads\/2023\/10\/IMG-20230901-WA0082-768x576.jpg 768w, https:\/\/oussman-machinery.com\/wp-content\/uploads\/2023\/10\/IMG-20230901-WA0082-1536x1152.jpg 1536w, https:\/\/oussman-machinery.com\/wp-content\/uploads\/2023\/10\/IMG-20230901-WA0082-16x12.jpg 16w, https:\/\/oussman-machinery.com\/wp-content\/uploads\/2023\/10\/IMG-20230901-WA0082.jpg 1600w\" sizes=\"auto, (max-width: 800px) 100vw, 800px\" \/><br \/>\n\t\t\t\t\t\t\t\t\t\t\t\t\t\t\t<img decoding=\"async\" width=\"800\" height=\"600\" src=\"https:\/\/oussman-machinery.com\/wp-content\/uploads\/2023\/10\/IMG-20230901-WA0070-1024x768.jpg\" alt=\"\" loading=\"lazy\" srcset=\"https:\/\/oussman-machinery.com\/wp-content\/uploads\/2023\/10\/IMG-20230901-WA0070-1024x768.jpg 1024w, https:\/\/oussman-machinery.com\/wp-content\/uploads\/2023\/10\/IMG-20230901-WA0070-300x225.jpg 300w, https:\/\/oussman-machinery.com\/wp-content\/uploads\/2023\/10\/IMG-20230901-WA0070-768x576.jpg 768w, https:\/\/oussman-machinery.com\/wp-content\/uploads\/2023\/10\/IMG-20230901-WA0070-1536x1152.jpg 1536w, https:\/\/oussman-machinery.com\/wp-content\/uploads\/2023\/10\/IMG-20230901-WA0070-16x12.jpg 16w, https:\/\/oussman-machinery.com\/wp-content\/uploads\/2023\/10\/IMG-20230901-WA0070.jpg 1600w\" sizes=\"auto, (max-width: 800px) 100vw, 800px\" \/>\t\t\t\t\t\t\t\t\t\t\t\t\t\t\t<\/p>\n<h5>R\u00fcckbau Asphaltanlage Firma Jost  Braunfels<\/h5>\n<p>\t\t\t\t\t\t\t\t\t\t\t\t\t\t\t<img decoding=\"async\" width=\"576\" height=\"1024\" src=\"https:\/\/oussman-machinery.com\/wp-content\/uploads\/2023\/10\/IMG-20230901-WA0086.jpg\" alt=\"\" loading=\"lazy\" srcset=\"https:\/\/oussman-machinery.com\/wp-content\/uploads\/2023\/10\/IMG-20230901-WA0086.jpg 576w, https:\/\/oussman-machinery.com\/wp-content\/uploads\/2023\/10\/IMG-20230901-WA0086-169x300.jpg 169w, https:\/\/oussman-machinery.com\/wp-content\/uploads\/2023\/10\/IMG-20230901-WA0086-7x12.jpg 7w\" sizes=\"auto, (max-width: 576px) 100vw, 576px\" \/><br \/>\n\t\t\t\t\t\t\t\t\t\t\t\t\t\t\t<img decoding=\"async\" width=\"800\" height=\"600\" src=\"https:\/\/oussman-machinery.com\/wp-content\/uploads\/2023\/10\/IMG-20230901-WA0110.jpg\" alt=\"\" loading=\"lazy\" srcset=\"https:\/\/oussman-machinery.com\/wp-content\/uploads\/2023\/10\/IMG-20230901-WA0110.jpg 1024w, https:\/\/oussman-machinery.com\/wp-content\/uploads\/2023\/10\/IMG-20230901-WA0110-300x225.jpg 300w, https:\/\/oussman-machinery.com\/wp-content\/uploads\/2023\/10\/IMG-20230901-WA0110-768x576.jpg 768w, https:\/\/oussman-machinery.com\/wp-content\/uploads\/2023\/10\/IMG-20230901-WA0110-16x12.jpg 16w\" sizes=\"auto, (max-width: 800px) 100vw, 800px\" \/><br \/>\n\t\t\t\t\t\t\t\t\t\t\t\t\t\t\t<img decoding=\"async\" width=\"576\" height=\"1024\" src=\"https:\/\/oussman-machinery.com\/wp-content\/uploads\/2023\/10\/IMG-20230901-WA0089.jpg\" alt=\"\" loading=\"lazy\" srcset=\"https:\/\/oussman-machinery.com\/wp-content\/uploads\/2023\/10\/IMG-20230901-WA0089.jpg 576w, https:\/\/oussman-machinery.com\/wp-content\/uploads\/2023\/10\/IMG-20230901-WA0089-169x300.jpg 169w, https:\/\/oussman-machinery.com\/wp-content\/uploads\/2023\/10\/IMG-20230901-WA0089-7x12.jpg 7w\" sizes=\"auto, (max-width: 576px) 100vw, 576px\" \/><br \/>\n\t\t\t\t\t\t\t\t\t\t\t\t\t\t\t<img decoding=\"async\" width=\"800\" height=\"450\" src=\"https:\/\/oussman-machinery.com\/wp-content\/uploads\/2023\/10\/IMG-20230901-WA0111.jpg\" alt=\"\" loading=\"lazy\" srcset=\"https:\/\/oussman-machinery.com\/wp-content\/uploads\/2023\/10\/IMG-20230901-WA0111.jpg 1024w, https:\/\/oussman-machinery.com\/wp-content\/uploads\/2023\/10\/IMG-20230901-WA0111-300x169.jpg 300w, https:\/\/oussman-machinery.com\/wp-content\/uploads\/2023\/10\/IMG-20230901-WA0111-768x432.jpg 768w, https:\/\/oussman-machinery.com\/wp-content\/uploads\/2023\/10\/IMG-20230901-WA0111-18x10.jpg 18w\" sizes=\"auto, (max-width: 800px) 100vw, 800px\" \/><br \/>\n\t\t\t\t\t\t\t\t\t\t\t\t\t\t\t<img decoding=\"async\" width=\"768\" height=\"1024\" src=\"https:\/\/oussman-machinery.com\/wp-content\/uploads\/2023\/10\/IMG-20230901-WA0106.jpg\" alt=\"\" loading=\"lazy\" srcset=\"https:\/\/oussman-machinery.com\/wp-content\/uploads\/2023\/10\/IMG-20230901-WA0106.jpg 768w, https:\/\/oussman-machinery.com\/wp-content\/uploads\/2023\/10\/IMG-20230901-WA0106-225x300.jpg 225w, https:\/\/oussman-machinery.com\/wp-content\/uploads\/2023\/10\/IMG-20230901-WA0106-9x12.jpg 9w\" sizes=\"auto, (max-width: 768px) 100vw, 768px\" \/><br \/>\n\t\t\t\t\t\t\t\t\t\t\t\t\t\t\t<img decoding=\"async\" width=\"768\" height=\"1024\" src=\"https:\/\/oussman-machinery.com\/wp-content\/uploads\/2023\/10\/IMG-20230901-WA0109.jpg\" alt=\"\" loading=\"lazy\" srcset=\"https:\/\/oussman-machinery.com\/wp-content\/uploads\/2023\/10\/IMG-20230901-WA0109.jpg 768w, https:\/\/oussman-machinery.com\/wp-content\/uploads\/2023\/10\/IMG-20230901-WA0109-225x300.jpg 225w, https:\/\/oussman-machinery.com\/wp-content\/uploads\/2023\/10\/IMG-20230901-WA0109-9x12.jpg 9w\" sizes=\"auto, (max-width: 768px) 100vw, 768px\" \/>\t\t\t\t\t\t\t\t\t\t\t\t\t\t\t<\/p>\n<h5>R\u00fcckbau Schotterwerk Belfort Frankreich<\/h5>\n<p>\t\t\t\t\t\t\t\t\t\t\t\t\t\t\t<img decoding=\"async\" width=\"768\" height=\"1024\" src=\"https:\/\/oussman-machinery.com\/wp-content\/uploads\/2023\/10\/WhatsApp-Bild-2023-09-01-um-12.17.19-1.jpg\" alt=\"\" loading=\"lazy\" srcset=\"https:\/\/oussman-machinery.com\/wp-content\/uploads\/2023\/10\/WhatsApp-Bild-2023-09-01-um-12.17.19-1.jpg 768w, https:\/\/oussman-machinery.com\/wp-content\/uploads\/2023\/10\/WhatsApp-Bild-2023-09-01-um-12.17.19-1-225x300.jpg 225w, https:\/\/oussman-machinery.com\/wp-content\/uploads\/2023\/10\/WhatsApp-Bild-2023-09-01-um-12.17.19-1-9x12.jpg 9w\" sizes=\"auto, (max-width: 768px) 100vw, 768px\" \/><br \/>\n\t\t\t\t\t\t\t\t\t\t\t\t\t\t\t<img decoding=\"async\" width=\"800\" height=\"600\" src=\"https:\/\/oussman-machinery.com\/wp-content\/uploads\/2023\/10\/3-1.jpg\" alt=\"\" loading=\"lazy\" srcset=\"https:\/\/oussman-machinery.com\/wp-content\/uploads\/2023\/10\/3-1.jpg 1024w, https:\/\/oussman-machinery.com\/wp-content\/uploads\/2023\/10\/3-1-300x225.jpg 300w, https:\/\/oussman-machinery.com\/wp-content\/uploads\/2023\/10\/3-1-768x576.jpg 768w, https:\/\/oussman-machinery.com\/wp-content\/uploads\/2023\/10\/3-1-16x12.jpg 16w\" sizes=\"auto, (max-width: 800px) 100vw, 800px\" \/>\t\t\t\t\t\t\t\t\t\t\t\t\t\t\t<\/p>\n<h1>Disassembly<\/h1>\n<p>We offer services in the field of plant dismantling, asphalt mixing plants, ballast plants and concrete plants.<\/p>\n<p><strong>Expect complete service packages from our team in the areas of:<\/strong><\/p>\n<ul>\n<li>We dismantle, cut, burn - everything from a single source. Safety is our top priority. Work by our specialist personnel is only carried out in appropriate protective equipment. Required tools and aids for the respective project such as crane, forklift, excavator, cutting and burning equipment are provided.<\/li>\n<li>We dispose of all materials in accordance with the legal requirements.\u00a0<\/li>\n<\/ul>\n<ul>\n<li>Deconstruction planning and supervision of asphalt mixing plants, concrete mixing plants and quarries.<\/li>\n<li>We work in partnership with the largest European groups (Wirtgen group, Ammann, Marini, wibau ..)\u00a0\u00a0<\/li>\n<\/ul>\n<p>\t\t\t\t\t\t\t\t\t\t\t\t\t\t\t<img decoding=\"async\" width=\"800\" height=\"627\" src=\"https:\/\/oussman-machinery.com\/wp-content\/uploads\/2023\/01\/Demontage-1024x802.png\" alt=\"\" loading=\"lazy\" srcset=\"https:\/\/oussman-machinery.com\/wp-content\/uploads\/2023\/01\/Demontage-1024x802.png 1024w, https:\/\/oussman-machinery.com\/wp-content\/uploads\/2023\/01\/Demontage-300x235.png 300w, https:\/\/oussman-machinery.com\/wp-content\/uploads\/2023\/01\/Demontage-768x601.png 768w, https:\/\/oussman-machinery.com\/wp-content\/uploads\/2023\/01\/Demontage-1536x1203.png 1536w, https:\/\/oussman-machinery.com\/wp-content\/uploads\/2023\/01\/Demontage.png 1916w\" sizes=\"auto, (max-width: 800px) 100vw, 800px\" \/>\t\t\t\t\t\t\t\t\t\t\t\t\t\t\t<\/p>\n<h2>Request dismantling now<\/h2>","protected":false},"excerpt":{"rendered":"<p>R\u00fcckbau ist unser Kerngesch\u00e4ft ANLAGENR\u00dcCKBAU Bereit seit \u00fcber zehn Jahren sind wir im R\u00fcckbau von Asphaltmisch-, Schotter- und Betonwerken t\u00e4tig.\u00a0 Wir arbeiten im Partnerschaft mit den gr\u00f6\u00dften Europ\u00e4ischen Konzernen (Wirtgen group, Ammann, Ermont, Marini, wibau ..)\u00a0\u00a0 \u00a0 Kontakt Rufen Sie uns an: +49 176 31 711 973 Schreiben Sie uns eine E-Mail: info@oussman-machinery.com Unsere R\u00fcckbau [&hellip;]<\/p>","protected":false},"author":1,"featured_media":0,"parent":0,"menu_order":0,"comment_status":"closed","ping_status":"closed","template":"","meta":{"footnotes":""},"class_list":["post-28","page","type-page","status-publish","hentry"],"yoast_head":"<!-- This site is optimized with the Yoast SEO plugin v21.4 - https:\/\/yoast.com\/wordpress\/plugins\/seo\/ -->\n<title>Demontage - Oussman Machinery<\/title>\n<meta name=\"robots\" content=\"index, follow, max-snippet:-1, max-image-preview:large, max-video-preview:-1\" \/>\n<link rel=\"canonical\" href=\"https:\/\/oussman-machinery.com\/en\/demontage\/\" \/>\n<meta property=\"og:locale\" content=\"en_GB\" \/>\n<meta property=\"og:type\" content=\"article\" \/>\n<meta property=\"og:title\" content=\"Demontage - Oussman Machinery\" \/>\n<meta property=\"og:description\" content=\"R\u00fcckbau ist unser Kerngesch\u00e4ft ANLAGENR\u00dcCKBAU Bereit seit \u00fcber zehn Jahren sind wir im R\u00fcckbau von Asphaltmisch-, Schotter- und Betonwerken t\u00e4tig.\u00a0 Wir arbeiten im Partnerschaft mit den gr\u00f6\u00dften Europ\u00e4ischen Konzernen (Wirtgen group, Ammann, Ermont, Marini, wibau ..)\u00a0\u00a0 \u00a0 Kontakt Rufen Sie uns an: +49 176 31 711 973 Schreiben Sie uns eine E-Mail: info@oussman-machinery.com Unsere R\u00fcckbau [&hellip;]\" \/>\n<meta property=\"og:url\" content=\"https:\/\/oussman-machinery.com\/en\/demontage\/\" \/>\n<meta property=\"og:site_name\" content=\"Oussman Machinery\" \/>\n<meta property=\"article:modified_time\" content=\"2025-03-13T09:32:20+00:00\" \/>\n<meta property=\"og:image\" content=\"https:\/\/oussman-machinery.com\/wp-content\/uploads\/2023\/09\/WhatsApp-Bild-2023-09-01-um-12.25.21-2.jpg\" \/>\n<meta name=\"twitter:card\" content=\"summary_large_image\" \/>\n<meta name=\"twitter:label1\" content=\"Estimated reading time\" \/>\n\t<meta name=\"twitter:data1\" content=\"6 minutes\" \/>\n<script type=\"application\/ld+json\" class=\"yoast-schema-graph\">{\"@context\":\"https:\/\/schema.org\",\"@graph\":[{\"@type\":\"WebPage\",\"@id\":\"https:\/\/oussman-machinery.com\/demontage\/\",\"url\":\"https:\/\/oussman-machinery.com\/demontage\/\",\"name\":\"Demontage - Oussman Machinery\",\"isPartOf\":{\"@id\":\"https:\/\/oussman-machinery.com\/#website\"},\"datePublished\":\"2023-01-10T09:41:45+00:00\",\"dateModified\":\"2025-03-13T09:32:20+00:00\",\"breadcrumb\":{\"@id\":\"https:\/\/oussman-machinery.com\/demontage\/#breadcrumb\"},\"inLanguage\":\"en-GB\",\"potentialAction\":[{\"@type\":\"ReadAction\",\"target\":[\"https:\/\/oussman-machinery.com\/demontage\/\"]}]},{\"@type\":\"BreadcrumbList\",\"@id\":\"https:\/\/oussman-machinery.com\/demontage\/#breadcrumb\",\"itemListElement\":[{\"@type\":\"ListItem\",\"position\":1,\"name\":\"Startseite\",\"item\":\"https:\/\/oussman-machinery.com\/\"},{\"@type\":\"ListItem\",\"position\":2,\"name\":\"Demontage\"}]},{\"@type\":\"WebSite\",\"@id\":\"https:\/\/oussman-machinery.com\/#website\",\"url\":\"https:\/\/oussman-machinery.com\/\",\"name\":\"Oussman Machinery\",\"description\":\"Baumaschinen Handel &amp; Anlagenr\u00fcckbau\",\"publisher\":{\"@id\":\"https:\/\/oussman-machinery.com\/#organization\"},\"potentialAction\":[{\"@type\":\"SearchAction\",\"target\":{\"@type\":\"EntryPoint\",\"urlTemplate\":\"https:\/\/oussman-machinery.com\/?s={search_term_string}\"},\"query-input\":\"required name=search_term_string\"}],\"inLanguage\":\"en-GB\"},{\"@type\":\"Organization\",\"@id\":\"https:\/\/oussman-machinery.com\/#organization\",\"name\":\"Oussman Machinery\",\"url\":\"https:\/\/oussman-machinery.com\/\",\"logo\":{\"@type\":\"ImageObject\",\"inLanguage\":\"en-GB\",\"@id\":\"https:\/\/oussman-machinery.com\/#\/schema\/logo\/image\/\",\"url\":\"https:\/\/oussman-machinery.com\/wp-content\/uploads\/2023\/01\/logo-Oussman-Machinery.png\",\"contentUrl\":\"https:\/\/oussman-machinery.com\/wp-content\/uploads\/2023\/01\/logo-Oussman-Machinery.png\",\"width\":946,\"height\":254,\"caption\":\"Oussman Machinery\"},\"image\":{\"@id\":\"https:\/\/oussman-machinery.com\/#\/schema\/logo\/image\/\"}}]}<\/script>\n<!-- \/ Yoast SEO plugin. -->","yoast_head_json":{"title":"Demontage - Oussman Machinery","robots":{"index":"index","follow":"follow","max-snippet":"max-snippet:-1","max-image-preview":"max-image-preview:large","max-video-preview":"max-video-preview:-1"},"canonical":"https:\/\/oussman-machinery.com\/en\/demontage\/","og_locale":"en_GB","og_type":"article","og_title":"Demontage - Oussman Machinery","og_description":"R\u00fcckbau ist unser Kerngesch\u00e4ft ANLAGENR\u00dcCKBAU Bereit seit \u00fcber zehn Jahren sind wir im R\u00fcckbau von Asphaltmisch-, Schotter- und Betonwerken t\u00e4tig.\u00a0 Wir arbeiten im Partnerschaft mit den gr\u00f6\u00dften Europ\u00e4ischen Konzernen (Wirtgen group, Ammann, Ermont, Marini, wibau ..)\u00a0\u00a0 \u00a0 Kontakt Rufen Sie uns an: +49 176 31 711 973 Schreiben Sie uns eine E-Mail: info@oussman-machinery.com Unsere R\u00fcckbau [&hellip;]","og_url":"https:\/\/oussman-machinery.com\/en\/demontage\/","og_site_name":"Oussman Machinery","article_modified_time":"2025-03-13T09:32:20+00:00","og_image":[{"url":"https:\/\/oussman-machinery.com\/wp-content\/uploads\/2023\/09\/WhatsApp-Bild-2023-09-01-um-12.25.21-2.jpg"}],"twitter_card":"summary_large_image","twitter_misc":{"Estimated reading time":"6 minutes"},"schema":{"@context":"https:\/\/schema.org","@graph":[{"@type":"WebPage","@id":"https:\/\/oussman-machinery.com\/demontage\/","url":"https:\/\/oussman-machinery.com\/demontage\/","name":"Demontage - Oussman Machinery","isPartOf":{"@id":"https:\/\/oussman-machinery.com\/#website"},"datePublished":"2023-01-10T09:41:45+00:00","dateModified":"2025-03-13T09:32:20+00:00","breadcrumb":{"@id":"https:\/\/oussman-machinery.com\/demontage\/#breadcrumb"},"inLanguage":"en-GB","potentialAction":[{"@type":"ReadAction","target":["https:\/\/oussman-machinery.com\/demontage\/"]}]},{"@type":"BreadcrumbList","@id":"https:\/\/oussman-machinery.com\/demontage\/#breadcrumb","itemListElement":[{"@type":"ListItem","position":1,"name":"Startseite","item":"https:\/\/oussman-machinery.com\/"},{"@type":"ListItem","position":2,"name":"Demontage"}]},{"@type":"WebSite","@id":"https:\/\/oussman-machinery.com\/#website","url":"https:\/\/oussman-machinery.com\/","name":"Oussman Machinery","description":"Baumaschinen Handel &amp; Anlagenr\u00fcckbau","publisher":{"@id":"https:\/\/oussman-machinery.com\/#organization"},"potentialAction":[{"@type":"SearchAction","target":{"@type":"EntryPoint","urlTemplate":"https:\/\/oussman-machinery.com\/?s={search_term_string}"},"query-input":"required name=search_term_string"}],"inLanguage":"en-GB"},{"@type":"Organization","@id":"https:\/\/oussman-machinery.com\/#organization","name":"Oussman Machinery","url":"https:\/\/oussman-machinery.com\/","logo":{"@type":"ImageObject","inLanguage":"en-GB","@id":"https:\/\/oussman-machinery.com\/#\/schema\/logo\/image\/","url":"https:\/\/oussman-machinery.com\/wp-content\/uploads\/2023\/01\/logo-Oussman-Machinery.png","contentUrl":"https:\/\/oussman-machinery.com\/wp-content\/uploads\/2023\/01\/logo-Oussman-Machinery.png","width":946,"height":254,"caption":"Oussman Machinery"},"image":{"@id":"https:\/\/oussman-machinery.com\/#\/schema\/logo\/image\/"}}]}},"_links":{"self":[{"href":"https:\/\/oussman-machinery.com\/en\/wp-json\/wp\/v2\/pages\/28","targetHints":{"allow":["GET"]}}],"collection":[{"href":"https:\/\/oussman-machinery.com\/en\/wp-json\/wp\/v2\/pages"}],"about":[{"href":"https:\/\/oussman-machinery.com\/en\/wp-json\/wp\/v2\/types\/page"}],"author":[{"embeddable":true,"href":"https:\/\/oussman-machinery.com\/en\/wp-json\/wp\/v2\/users\/1"}],"replies":[{"embeddable":true,"href":"https:\/\/oussman-machinery.com\/en\/wp-json\/wp\/v2\/comments?post=28"}],"version-history":[{"count":199,"href":"https:\/\/oussman-machinery.com\/en\/wp-json\/wp\/v2\/pages\/28\/revisions"}],"predecessor-version":[{"id":2441,"href":"https:\/\/oussman-machinery.com\/en\/wp-json\/wp\/v2\/pages\/28\/revisions\/2441"}],"wp:attachment":[{"href":"https:\/\/oussman-machinery.com\/en\/wp-json\/wp\/v2\/media?parent=28"}],"curies":[{"name":"wp","href":"https:\/\/api.w.org\/{rel}","templated":true}]}}