{"id":168,"date":"2023-01-10T14:59:51","date_gmt":"2023-01-10T14:59:51","guid":{"rendered":"https:\/\/funny-lalande.193-41-237-81.plesk.page\/?page_id=168"},"modified":"2023-01-13T14:13:14","modified_gmt":"2023-01-13T14:13:14","slug":"ueber-uns","status":"publish","type":"page","link":"https:\/\/oussman-machinery.com\/en\/ueber-uns\/","title":{"rendered":"About us"},"content":{"rendered":"<div data-elementor-type=\"wp-page\" data-elementor-id=\"168\" class=\"elementor elementor-168\" data-elementor-post-type=\"page\">\n\t\t\t\t\t\t\t\t\t<section class=\"elementor-section elementor-top-section elementor-element elementor-element-7b304b0 dw_section elementor-section-boxed elementor-section-height-default elementor-section-height-default\" data-id=\"7b304b0\" data-element_type=\"section\">\n\t\t\t\t\t\t<div class=\"elementor-container elementor-column-gap-default\">\n\t\t\t\t\t<div class=\"elementor-column elementor-col-50 elementor-top-column elementor-element elementor-element-4d6d5de\" data-id=\"4d6d5de\" data-element_type=\"column\">\n\t\t\t<div class=\"elementor-widget-wrap elementor-element-populated\">\n\t\t\t\t\t\t\t\t<div class=\"elementor-element elementor-element-c9312c5 elementor-widget__width-auto dw_entry_heading elementor-widget elementor-widget-heading\" data-id=\"c9312c5\" data-element_type=\"widget\" data-widget_type=\"heading.default\">\n\t\t\t\t<div class=\"elementor-widget-container\">\n\t\t\t<style>\/*! elementor - v3.16.0 - 17-10-2023 *\/\n.elementor-heading-title{padding:0;margin:0;line-height:1}.elementor-widget-heading .elementor-heading-title[class*=elementor-size-]>a{color:inherit;font-size:inherit;line-height:inherit}.elementor-widget-heading .elementor-heading-title.elementor-size-small{font-size:15px}.elementor-widget-heading .elementor-heading-title.elementor-size-medium{font-size:19px}.elementor-widget-heading .elementor-heading-title.elementor-size-large{font-size:29px}.elementor-widget-heading .elementor-heading-title.elementor-size-xl{font-size:39px}.elementor-widget-heading .elementor-heading-title.elementor-size-xxl{font-size:59px}<\/style><h1 class=\"elementor-heading-title elementor-size-default\">About us<\/h1>\t\t<\/div>\n\t\t\t\t<\/div>\n\t\t\t\t<div class=\"elementor-element elementor-element-936e005 elementor-widget elementor-widget-text-editor\" data-id=\"936e005\" data-element_type=\"widget\" data-widget_type=\"text-editor.default\">\n\t\t\t\t<div class=\"elementor-widget-container\">\n\t\t\t<style>\/*! elementor - v3.16.0 - 17-10-2023 *\/\n.elementor-widget-text-editor.elementor-drop-cap-view-stacked .elementor-drop-cap{background-color:#69727d;color:#fff}.elementor-widget-text-editor.elementor-drop-cap-view-framed .elementor-drop-cap{color:#69727d;border:3px solid;background-color:transparent}.elementor-widget-text-editor:not(.elementor-drop-cap-view-default) .elementor-drop-cap{margin-top:8px}.elementor-widget-text-editor:not(.elementor-drop-cap-view-default) .elementor-drop-cap-letter{width:1em;height:1em}.elementor-widget-text-editor .elementor-drop-cap{float:left;text-align:center;line-height:1;font-size:50px}.elementor-widget-text-editor .elementor-drop-cap-letter{display:inline-block}<\/style>\t\t\t\t<p><strong>Who are we?<\/strong><\/p><p>Oussman Machinery is a medium-sized company for the purchase and sale of mixing plants, machinery and asphalt plants.<br \/>We offer our customers various services for the construction industry and transport infrastructure.<\/p><p>We are pleased that you have visited our website. On this site you will find comprehensive offers and coverage information on infrastructure machinery (sale and dismantling of industrial equipment).<br \/>Oussman Baumaschinen Handel is a nationally and internationally active company that has been trading and dismantling construction machinery, spare parts and plant dismantling (asphalt mixing plants and quarries) throughout Europe for more than 10 years.<br \/>Our regular customers include construction and road companies throughout Europe with headquarters in Karlsruhe - Baden W\u00fcrttemberg.<br \/>As an authorised dealer for numerous manufacturers and service companies in the construction machinery sector such as (Wirtgen group, Ammann asphalt plants, Caterpillar). and contract partner for the dismantling and takeover of plants at the companies (Eurovia vinci, Colas, Eiffage, Bam, ...).<br \/>You will find us to be a service-oriented, competent and flexible partner for all areas of construction machinery.<\/p><p>The special thing about us is that you can have many machines demonstrated live and under power directly at our premises - and we can often deliver them to you at very short notice.<br \/>What has not changed over the years, however, is our commitment to our customers and employees.<\/p><p>For further information, please contact us by mobile: +49 176 31 711 973.<br \/>Or send us an e-mail directly at: info@oussman-machinery.com<\/p><p>Get to know us ...<\/p>\t\t\t\t\t\t<\/div>\n\t\t\t\t<\/div>\n\t\t\t\t\t<\/div>\n\t\t<\/div>\n\t\t\t\t<div class=\"elementor-column elementor-col-50 elementor-top-column elementor-element elementor-element-e95bbf5\" data-id=\"e95bbf5\" data-element_type=\"column\">\n\t\t\t<div class=\"elementor-widget-wrap elementor-element-populated\">\n\t\t\t\t\t\t\t\t<div class=\"elementor-element elementor-element-7ff5b8f elementor-widget elementor-widget-image\" data-id=\"7ff5b8f\" data-element_type=\"widget\" data-widget_type=\"image.default\">\n\t\t\t\t<div class=\"elementor-widget-container\">\n\t\t\t<style>\/*! elementor - v3.16.0 - 17-10-2023 *\/\n.elementor-widget-image{text-align:center}.elementor-widget-image a{display:inline-block}.elementor-widget-image a img[src$=\".svg\"]{width:48px}.elementor-widget-image img{vertical-align:middle;display:inline-block}<\/style>\t\t\t\t\t\t\t\t\t\t\t\t<img loading=\"lazy\" decoding=\"async\" width=\"800\" height=\"601\" src=\"https:\/\/oussman-machinery.com\/wp-content\/uploads\/2023\/01\/oussman-machinery-ueber-uns-1024x769.jpg\" class=\"attachment-large size-large wp-image-108\" alt=\"\" srcset=\"https:\/\/oussman-machinery.com\/wp-content\/uploads\/2023\/01\/oussman-machinery-ueber-uns-1024x769.jpg 1024w, https:\/\/oussman-machinery.com\/wp-content\/uploads\/2023\/01\/oussman-machinery-ueber-uns-300x225.jpg 300w, https:\/\/oussman-machinery.com\/wp-content\/uploads\/2023\/01\/oussman-machinery-ueber-uns-768x577.jpg 768w, https:\/\/oussman-machinery.com\/wp-content\/uploads\/2023\/01\/oussman-machinery-ueber-uns.jpg 1425w\" sizes=\"auto, (max-width: 800px) 100vw, 800px\" \/>\t\t\t\t\t\t\t\t\t\t\t\t\t\t\t<\/div>\n\t\t\t\t<\/div>\n\t\t\t\t\t<\/div>\n\t\t<\/div>\n\t\t\t\t\t\t\t<\/div>\n\t\t<\/section>\n\t\t\t\t\t\t\t<\/div>","protected":false},"excerpt":{"rendered":"<p>Wer sind wir? Oussman Machinery ist ein Mittelst\u00e4ndische Unternehemen f\u00fcr Kauf und Verkauf von Mischanlagen, Maschinen und AsphaltanlagenWir bieten unserer Kunden verschiedene Dienstleistungen f\u00fcr die Bauindustrie und der Verkehrsinfrastruktur an. Es freut uns, dass Sie unsere Webseite besucht haben. Auf diesen Seite finden Sie umfassende Angebote und Reichweite Informationen rund um die Infrastruktur Maschinen (Verkauf [&hellip;]<\/p>","protected":false},"author":1,"featured_media":0,"parent":0,"menu_order":0,"comment_status":"closed","ping_status":"closed","template":"","meta":{"footnotes":""},"class_list":["post-168","page","type-page","status-publish","hentry"],"yoast_head":"<!-- This site is optimized with the Yoast SEO plugin v21.4 - https:\/\/yoast.com\/wordpress\/plugins\/seo\/ -->\n<title>\u00dcber uns - Oussman Machinery<\/title>\n<meta name=\"robots\" content=\"index, follow, max-snippet:-1, max-image-preview:large, max-video-preview:-1\" \/>\n<link rel=\"canonical\" href=\"https:\/\/oussman-machinery.com\/en\/ueber-uns\/\" \/>\n<meta property=\"og:locale\" content=\"en_GB\" \/>\n<meta property=\"og:type\" content=\"article\" \/>\n<meta property=\"og:title\" content=\"\u00dcber uns - Oussman Machinery\" \/>\n<meta property=\"og:description\" content=\"Wer sind wir? Oussman Machinery ist ein Mittelst\u00e4ndische Unternehemen f\u00fcr Kauf und Verkauf von Mischanlagen, Maschinen und AsphaltanlagenWir bieten unserer Kunden verschiedene Dienstleistungen f\u00fcr die Bauindustrie und der Verkehrsinfrastruktur an. Es freut uns, dass Sie unsere Webseite besucht haben. Auf diesen Seite finden Sie umfassende Angebote und Reichweite Informationen rund um die Infrastruktur Maschinen (Verkauf [&hellip;]\" \/>\n<meta property=\"og:url\" content=\"https:\/\/oussman-machinery.com\/en\/ueber-uns\/\" \/>\n<meta property=\"og:site_name\" content=\"Oussman Machinery\" \/>\n<meta property=\"article:modified_time\" content=\"2023-01-13T14:13:14+00:00\" \/>\n<meta property=\"og:image\" content=\"https:\/\/oussman-machinery.com\/wp-content\/uploads\/2023\/01\/oussman-machinery-ueber-uns-1024x769.jpg\" \/>\n<meta name=\"twitter:card\" content=\"summary_large_image\" \/>\n<meta name=\"twitter:label1\" content=\"Estimated reading time\" \/>\n\t<meta name=\"twitter:data1\" content=\"2 minutes\" \/>\n<script type=\"application\/ld+json\" class=\"yoast-schema-graph\">{\"@context\":\"https:\/\/schema.org\",\"@graph\":[{\"@type\":\"WebPage\",\"@id\":\"https:\/\/oussman-machinery.com\/ueber-uns\/\",\"url\":\"https:\/\/oussman-machinery.com\/ueber-uns\/\",\"name\":\"\u00dcber uns - Oussman Machinery\",\"isPartOf\":{\"@id\":\"https:\/\/oussman-machinery.com\/#website\"},\"datePublished\":\"2023-01-10T14:59:51+00:00\",\"dateModified\":\"2023-01-13T14:13:14+00:00\",\"breadcrumb\":{\"@id\":\"https:\/\/oussman-machinery.com\/ueber-uns\/#breadcrumb\"},\"inLanguage\":\"en-GB\",\"potentialAction\":[{\"@type\":\"ReadAction\",\"target\":[\"https:\/\/oussman-machinery.com\/ueber-uns\/\"]}]},{\"@type\":\"BreadcrumbList\",\"@id\":\"https:\/\/oussman-machinery.com\/ueber-uns\/#breadcrumb\",\"itemListElement\":[{\"@type\":\"ListItem\",\"position\":1,\"name\":\"Startseite\",\"item\":\"https:\/\/oussman-machinery.com\/\"},{\"@type\":\"ListItem\",\"position\":2,\"name\":\"\u00dcber uns\"}]},{\"@type\":\"WebSite\",\"@id\":\"https:\/\/oussman-machinery.com\/#website\",\"url\":\"https:\/\/oussman-machinery.com\/\",\"name\":\"Oussman Machinery\",\"description\":\"Baumaschinen Handel &amp; Anlagenr\u00fcckbau\",\"publisher\":{\"@id\":\"https:\/\/oussman-machinery.com\/#organization\"},\"potentialAction\":[{\"@type\":\"SearchAction\",\"target\":{\"@type\":\"EntryPoint\",\"urlTemplate\":\"https:\/\/oussman-machinery.com\/?s={search_term_string}\"},\"query-input\":\"required name=search_term_string\"}],\"inLanguage\":\"en-GB\"},{\"@type\":\"Organization\",\"@id\":\"https:\/\/oussman-machinery.com\/#organization\",\"name\":\"Oussman Machinery\",\"url\":\"https:\/\/oussman-machinery.com\/\",\"logo\":{\"@type\":\"ImageObject\",\"inLanguage\":\"en-GB\",\"@id\":\"https:\/\/oussman-machinery.com\/#\/schema\/logo\/image\/\",\"url\":\"https:\/\/oussman-machinery.com\/wp-content\/uploads\/2023\/01\/logo-Oussman-Machinery.png\",\"contentUrl\":\"https:\/\/oussman-machinery.com\/wp-content\/uploads\/2023\/01\/logo-Oussman-Machinery.png\",\"width\":946,\"height\":254,\"caption\":\"Oussman Machinery\"},\"image\":{\"@id\":\"https:\/\/oussman-machinery.com\/#\/schema\/logo\/image\/\"}}]}<\/script>\n<!-- \/ Yoast SEO plugin. -->","yoast_head_json":{"title":"\u00dcber uns - Oussman Machinery","robots":{"index":"index","follow":"follow","max-snippet":"max-snippet:-1","max-image-preview":"max-image-preview:large","max-video-preview":"max-video-preview:-1"},"canonical":"https:\/\/oussman-machinery.com\/en\/ueber-uns\/","og_locale":"en_GB","og_type":"article","og_title":"\u00dcber uns - Oussman Machinery","og_description":"Wer sind wir? Oussman Machinery ist ein Mittelst\u00e4ndische Unternehemen f\u00fcr Kauf und Verkauf von Mischanlagen, Maschinen und AsphaltanlagenWir bieten unserer Kunden verschiedene Dienstleistungen f\u00fcr die Bauindustrie und der Verkehrsinfrastruktur an. Es freut uns, dass Sie unsere Webseite besucht haben. Auf diesen Seite finden Sie umfassende Angebote und Reichweite Informationen rund um die Infrastruktur Maschinen (Verkauf [&hellip;]","og_url":"https:\/\/oussman-machinery.com\/en\/ueber-uns\/","og_site_name":"Oussman Machinery","article_modified_time":"2023-01-13T14:13:14+00:00","og_image":[{"url":"https:\/\/oussman-machinery.com\/wp-content\/uploads\/2023\/01\/oussman-machinery-ueber-uns-1024x769.jpg"}],"twitter_card":"summary_large_image","twitter_misc":{"Estimated reading time":"2 minutes"},"schema":{"@context":"https:\/\/schema.org","@graph":[{"@type":"WebPage","@id":"https:\/\/oussman-machinery.com\/ueber-uns\/","url":"https:\/\/oussman-machinery.com\/ueber-uns\/","name":"\u00dcber uns - Oussman Machinery","isPartOf":{"@id":"https:\/\/oussman-machinery.com\/#website"},"datePublished":"2023-01-10T14:59:51+00:00","dateModified":"2023-01-13T14:13:14+00:00","breadcrumb":{"@id":"https:\/\/oussman-machinery.com\/ueber-uns\/#breadcrumb"},"inLanguage":"en-GB","potentialAction":[{"@type":"ReadAction","target":["https:\/\/oussman-machinery.com\/ueber-uns\/"]}]},{"@type":"BreadcrumbList","@id":"https:\/\/oussman-machinery.com\/ueber-uns\/#breadcrumb","itemListElement":[{"@type":"ListItem","position":1,"name":"Startseite","item":"https:\/\/oussman-machinery.com\/"},{"@type":"ListItem","position":2,"name":"\u00dcber uns"}]},{"@type":"WebSite","@id":"https:\/\/oussman-machinery.com\/#website","url":"https:\/\/oussman-machinery.com\/","name":"Oussman Machinery","description":"Baumaschinen Handel &amp; Anlagenr\u00fcckbau","publisher":{"@id":"https:\/\/oussman-machinery.com\/#organization"},"potentialAction":[{"@type":"SearchAction","target":{"@type":"EntryPoint","urlTemplate":"https:\/\/oussman-machinery.com\/?s={search_term_string}"},"query-input":"required name=search_term_string"}],"inLanguage":"en-GB"},{"@type":"Organization","@id":"https:\/\/oussman-machinery.com\/#organization","name":"Oussman Machinery","url":"https:\/\/oussman-machinery.com\/","logo":{"@type":"ImageObject","inLanguage":"en-GB","@id":"https:\/\/oussman-machinery.com\/#\/schema\/logo\/image\/","url":"https:\/\/oussman-machinery.com\/wp-content\/uploads\/2023\/01\/logo-Oussman-Machinery.png","contentUrl":"https:\/\/oussman-machinery.com\/wp-content\/uploads\/2023\/01\/logo-Oussman-Machinery.png","width":946,"height":254,"caption":"Oussman Machinery"},"image":{"@id":"https:\/\/oussman-machinery.com\/#\/schema\/logo\/image\/"}}]}},"_links":{"self":[{"href":"https:\/\/oussman-machinery.com\/en\/wp-json\/wp\/v2\/pages\/168","targetHints":{"allow":["GET"]}}],"collection":[{"href":"https:\/\/oussman-machinery.com\/en\/wp-json\/wp\/v2\/pages"}],"about":[{"href":"https:\/\/oussman-machinery.com\/en\/wp-json\/wp\/v2\/types\/page"}],"author":[{"embeddable":true,"href":"https:\/\/oussman-machinery.com\/en\/wp-json\/wp\/v2\/users\/1"}],"replies":[{"embeddable":true,"href":"https:\/\/oussman-machinery.com\/en\/wp-json\/wp\/v2\/comments?post=168"}],"version-history":[{"count":19,"href":"https:\/\/oussman-machinery.com\/en\/wp-json\/wp\/v2\/pages\/168\/revisions"}],"predecessor-version":[{"id":674,"href":"https:\/\/oussman-machinery.com\/en\/wp-json\/wp\/v2\/pages\/168\/revisions\/674"}],"wp:attachment":[{"href":"https:\/\/oussman-machinery.com\/en\/wp-json\/wp\/v2\/media?parent=168"}],"curies":[{"name":"wp","href":"https:\/\/api.w.org\/{rel}","templated":true}]}}